{"id":2529,"date":"2024-12-10T13:53:16","date_gmt":"2024-12-10T13:53:16","guid":{"rendered":"https:\/\/www.mariaacunamusica.com\/inicio\/?page_id=2529"},"modified":"2025-01-21T21:17:45","modified_gmt":"2025-01-21T21:17:45","slug":"prensa","status":"publish","type":"page","link":"https:\/\/www.mariaacunamusica.com\/inicio\/prensa\/","title":{"rendered":"Prensa"},"content":{"rendered":"<section class=\"wpb-content-wrapper\"><p>[vc_row][vc_column width=\u00bb1\/2&#8243;][vc_video link=\u00bbhttps:\/\/m.youtube.com\/watch?v=-ihdKCldOq4&#8243; align=\u00bbcenter\u00bb][vc_column_text]<\/p>\n<h6 style=\"text-align: center;\">Octubre 2024<br \/>\nMar\u00eda Fernanda Acu\u00f1a &#8211; Ganadora Concurso Scottie Scott Vol. VI<br \/>\nSCD (Sociedad Chilena de Autores e Int\u00e9rpretes Musicales)<\/h6>\n<h6 style=\"text-align: center;\">Mar\u00eda Fernanda Acu\u00f1a \u2013 VI Scottie Scott Composition Contest award winner SCD (Chilean Society of Copyrights)<\/h6>\n<p>[\/vc_column_text][\/vc_column][vc_column width=\u00bb1\/2&#8243;][vc_video link=\u00bbhttps:\/\/www.youtube.com\/watch?app=desktop&amp;v=RmHhYJX4BXY\u00bb align=\u00bbcenter\u00bb][vc_column_text]<\/p>\n<h6 style=\"text-align: center;\">Octubre 2024<br \/>\nCEREMONIA DE PREMIACI\u00d3N VI CONCURSO DE COMPOSICI\u00d3N SCOTTIE SCOTT<\/h6>\n<h6 style=\"text-align: center;\">VI Scottie Scott Composition Contest award ceremony<\/h6>\n<p>[\/vc_column_text][\/vc_column][\/vc_row][vc_row][vc_column width=\u00bb1\/2&#8243;][vc_single_image image=\u00bb2599&#8243; img_size=\u00bblarge\u00bb alignment=\u00bbcenter\u00bb onclick=\u00bbcustom_link\u00bb img_link_target=\u00bb_blank\u00bb link=\u00bbhttps:\/\/open.spotify.com\/episode\/5kcKTobeRo60klJhhArOaM?si=767704b7d45f4b96&#8243;][vc_column_text]<\/p>\n<h6 style=\"text-align: center;\">Agosto 2024<br \/>\nEntrevista de Iv\u00e1n Cea en el programa Somos los que Somos en <a href=\"https:\/\/nunoaturadio.cl\">\u00d1u\u00f1oa tu Radio\u00a0<\/a><\/h6>\n<h6 style=\"text-align: center;\">Ivan Cea\u2019s interview in \u00d1u\u00f1oa tu Radio show Somos los que Somos<\/h6>\n<p>[\/vc_column_text][\/vc_column][vc_column width=\u00bb1\/2&#8243;][vc_video link=\u00bbhttps:\/\/www.youtube.com\/watch?v=ovsDEb8-g7U\u00bb align=\u00bbcenter\u00bb][vc_column_text]<\/p>\n<h6 style=\"text-align: center;\">Noviembre 2024<br \/>\nEntrevista de Antonella Est\u00e9vez en programa El Sem\u00e1foro de Radio Universidad de Chile. Sobre participaci\u00f3n en el proyecto Latitudes en el IV Encuentro de Versos de Ida y Vuelta: M\u00fasicas Viajeras.<\/h6>\n<h6 style=\"text-align: center;\">Antonella Est\u00e9vez\u2019 interview in her Universidad de Chile radio show El Sem\u00e1foro. About Latitudes project and its debut and participation in the IV Encuentro de Versos de Ida y Vuelta: M\u00fasicas Viajeras.<\/h6>\n<p>[\/vc_column_text][\/vc_column][\/vc_row][vc_row][vc_column width=\u00bb1\/2&#8243;][vc_single_image image=\u00bb2603&#8243; img_size=\u00bblarge\u00bb alignment=\u00bbcenter\u00bb onclick=\u00bbcustom_link\u00bb img_link_target=\u00bb_blank\u00bb link=\u00bbhttps:\/\/www.instagram.com\/versosdeidayvuelta\/reel\/DDR_YZVOFhR\/\u00bb][vc_column_text]<\/p>\n<h6 style=\"text-align: center;\">Diciembre 2024<br \/>\n<a href=\"https:\/\/www.instagram.com\/versosdeidayvuelta\/reel\/DDR_YZVOFhR\/\">Ver v\u00eddeo IV Encuentro M\u00fasicas Viajeras<\/a><\/h6>\n<p>[\/vc_column_text][\/vc_column][vc_column width=\u00bb1\/2&#8243;][vc_video link=\u00bbhttps:\/\/www.youtube.com\/watch?v=Tm5x5ZB9tzg\u00bb align=\u00bbcenter\u00bb][vc_column_text]<\/p>\n<h6 style=\"text-align: center;\">Mayo 2024<br \/>\n(Entrevista y presentaci\u00f3n) Pedro Villagra y Mar\u00eda Acu\u00f1a nos regalan un concierto en vivo en el estudio del programa Piensa Prensa.<\/h6>\n<h6 style=\"text-align: center;\">(Interview and live music) Pedro Villagra y Mar\u00eda Acu\u00f1a offer a live concert at Piensa Prensa studio.<\/h6>\n<p>[\/vc_column_text][\/vc_column][\/vc_row][vc_row][vc_column width=\u00bb1\/2&#8243;][vc_video link=\u00bbhttps:\/\/www.youtube.com\/watch?v=tH1FSoUfi8s\u00bb][vc_column_text]<\/p>\n<h6 style=\"text-align: center;\">Octubre 2023<br \/>\nDel concierto de Mar\u00eda Acu\u00f1a y Miguel Antonio D\u00fao en la Peluquer\u00eda Francesa<\/h6>\n<h6 style=\"text-align: center;\">From Mar\u00eda Acuna &amp; Miguel Antonio D\u00fao concert at Peluquer\u00eda Francesa<\/h6>\n<p>[\/vc_column_text][\/vc_column][vc_column width=\u00bb1\/2&#8243;][vc_video link=\u00bbhttps:\/\/www.youtube.com\/watch?v=tVTFeIw9mqE&amp;list=RDMM&amp;start_radio=1&amp;rv=S6s8jarNeIc\u00bb align=\u00bbcenter\u00bb][vc_column_text]<\/p>\n<h6 style=\"text-align: center;\">Diciembre 2022<br \/>\nVideo clip: Sibanak &#8211; El \u00c1ngel Errante de \u00cdtalo Pedrotti<\/h6>\n<p>[\/vc_column_text][\/vc_column][\/vc_row][vc_row][vc_column width=\u00bb1\/2&#8243;][vc_video link=\u00bbhttps:\/\/www.youtube.com\/watch?v=7L_delfFu9s\u00bb][vc_column_text]<\/p>\n<h6 style=\"text-align: center;\">Diciembre 2016<br \/>\nQyM Ensamble en \u00ab\u00cdntimo en el Barrio\u00bb<\/h6>\n<p>[\/vc_column_text][\/vc_column][vc_column width=\u00bb1\/2&#8243;][vc_single_image image=\u00bb2610&#8243; img_size=\u00bblarge\u00bb alignment=\u00bbcenter\u00bb onclick=\u00bbcustom_link\u00bb img_link_target=\u00bb_blank\u00bb link=\u00bbhttps:\/\/www.davidbarrows.com\/band-maria-acuna.html\u00bb][vc_column_text]<\/p>\n<h6 style=\"text-align: center;\">Referencia de David Barrows, colega m\u00fasico de California, en su p\u00e1gina web<\/h6>\n<p>[\/vc_column_text][\/vc_column][\/vc_row][vc_row][vc_column width=\u00bb1\/2&#8243;][vc_single_image image=\u00bb2613&#8243; img_size=\u00bblarge\u00bb alignment=\u00bbcenter\u00bb onclick=\u00bbcustom_link\u00bb img_link_target=\u00bb_blank\u00bb link=\u00bbhttps:\/\/www.analitica.com\/entretenimiento\/cultura\/maria-acuna-llevo-su-musica-a-la-casa-hogar-del-nino\/\u00bb][vc_column_text]<\/p>\n<h6 style=\"text-align: center;\">Septiembre 2015<br \/>\nArt\u00edculo sobre visita a Casa Hogar del Ni\u00f1o en Panam\u00e1<\/h6>\n<p>[\/vc_column_text][\/vc_column][vc_column width=\u00bb1\/2&#8243;][\/vc_column][\/vc_row]<\/p>\n<\/section>","protected":false},"excerpt":{"rendered":"<p>[vc_row][vc_column width=\u00bb1\/2&#8243;][vc_video link=\u00bbhttps:\/\/m.youtube.com\/watch?v=-ihdKCldOq4&#8243; align=\u00bbcenter\u00bb][vc_column_text] Octubre 2024 Mar\u00eda Fernanda Acu\u00f1a &#8211; Ganadora Concurso Scottie Scott Vol. VI SCD (Sociedad Chilena de Autores e Int\u00e9rpretes Musicales) Mar\u00eda Fernanda Acu\u00f1a \u2013 VI Scottie Scott Composition Contest award winner SCD (Chilean Society of Copyrights)&#8230;<\/p>\n","protected":false},"author":1,"featured_media":0,"parent":0,"menu_order":0,"comment_status":"closed","ping_status":"closed","template":"","meta":{"footnotes":""},"class_list":["post-2529","page","type-page","status-publish","hentry"],"_links":{"self":[{"href":"https:\/\/www.mariaacunamusica.com\/inicio\/wp-json\/wp\/v2\/pages\/2529","targetHints":{"allow":["GET"]}}],"collection":[{"href":"https:\/\/www.mariaacunamusica.com\/inicio\/wp-json\/wp\/v2\/pages"}],"about":[{"href":"https:\/\/www.mariaacunamusica.com\/inicio\/wp-json\/wp\/v2\/types\/page"}],"author":[{"embeddable":true,"href":"https:\/\/www.mariaacunamusica.com\/inicio\/wp-json\/wp\/v2\/users\/1"}],"replies":[{"embeddable":true,"href":"https:\/\/www.mariaacunamusica.com\/inicio\/wp-json\/wp\/v2\/comments?post=2529"}],"version-history":[{"count":19,"href":"https:\/\/www.mariaacunamusica.com\/inicio\/wp-json\/wp\/v2\/pages\/2529\/revisions"}],"predecessor-version":[{"id":2744,"href":"https:\/\/www.mariaacunamusica.com\/inicio\/wp-json\/wp\/v2\/pages\/2529\/revisions\/2744"}],"wp:attachment":[{"href":"https:\/\/www.mariaacunamusica.com\/inicio\/wp-json\/wp\/v2\/media?parent=2529"}],"curies":[{"name":"wp","href":"https:\/\/api.w.org\/{rel}","templated":true}]}}